{"id":32,"date":"2021-02-07T13:46:38","date_gmt":"2021-02-07T13:46:38","guid":{"rendered":"http:\/\/127.0.0.1\/3D-forinvent\/?page_id=32"},"modified":"2021-02-07T13:49:05","modified_gmt":"2021-02-07T13:49:05","slug":"o-projektu","status":"publish","type":"page","link":"https:\/\/jaska.sumins.hr\/3d-forinvent\/o-projektu\/","title":{"rendered":"O PROJEKTU"},"content":{"rendered":"<h4><strong>OSNOVNE INFORMACIJE O PROJEKTU<\/strong><\/h4>\n<p><strong>Naziv:<\/strong> Uporaba podataka daljinskih istra\u017eivanja dobivenih razli\u010ditim 3D opti\u010dkim izvorima u izmjeri \u0161uma<\/p>\n<p><strong>Akronim<\/strong>: 3D-FORINVENT<\/p>\n<p><strong>\u0160ifra<\/strong>: IP-2016-06-7686<\/p>\n<p><strong>Voditelj<\/strong>: Dr. sc. Ivan Balenovi\u0107<\/p>\n<p><strong>Suradnici: <\/strong>Luka Jurjevi\u0107, mag. mag. ing. geod. et geoinf., Prof. dr. sc. Ante Seletkovi\u0107, doc. dr. sc. Anita Simic Milas, doc. dr. sc. Mateo Ga\u0161parovi\u0107, dr. sc. Ma\u0161a Zorana Ostrogovi\u0107 Sever, Danijela Ivankovi\u0107, dipl. ing. \u0161um., Goran Tijan, mag. ing. \u0161um., Nikolina Milanovi\u0107<\/p>\n<p><strong>Ustanova nositelj<\/strong>: Hrvatski \u0161umarski institut<\/p>\n<p><strong>Ustanove suradnika<\/strong>: Sveu\u010dili\u0161te u Zagrebu, Fakultet \u0161umarstva i drvne tehnologije; Sveu\u010dili\u0161te u Zagrebu, Geodetski fakultet; Bowling Green State University, College of Arts and Sciences; School of Earth, Environment and Society (Bowling Green, USA)<\/p>\n<p><strong>Trajanje:<\/strong> 01.03.2017. &#8211; 28.02.2021.<\/p>\n<p><strong>Projekt financira:<\/strong> Hrvatska zaklada za znanost<\/p>\n<p><strong>Vrijednost financiranja:<\/strong> 728.000,00 Kn<\/p>\n<p><strong>Znanstveno podru\u010dje:<\/strong> Biotehni\u010dke znanosti<\/p>\n<p><strong>Znanstveno polje:<\/strong> \u0160umarstvo<\/p>\n","protected":false},"excerpt":{"rendered":"<p>OSNOVNE INFORMACIJE O PROJEKTU Naziv: Uporaba podataka daljinskih istra\u017eivanja dobivenih razli\u010ditim 3D opti\u010dkim izvorima u izmjeri \u0161uma Akronim: 3D-FORINVENT \u0160ifra: IP-2016-06-7686 Voditelj: Dr. sc. Ivan Balenovi\u0107 Suradnici: Luka Jurjevi\u0107, mag. mag. ing. geod. et geoinf., Prof. dr. sc. Ante Seletkovi\u0107, doc. dr. sc. Anita Simic Milas, doc. dr. sc. Mateo Ga\u0161parovi\u0107, dr. sc. Ma\u0161a Zorana [&hellip;]<\/p>\n","protected":false},"author":1,"featured_media":0,"parent":0,"menu_order":0,"comment_status":"closed","ping_status":"closed","template":"","meta":{"spay_email":""},"_links":{"self":[{"href":"https:\/\/jaska.sumins.hr\/3d-forinvent\/wp-json\/wp\/v2\/pages\/32"}],"collection":[{"href":"https:\/\/jaska.sumins.hr\/3d-forinvent\/wp-json\/wp\/v2\/pages"}],"about":[{"href":"https:\/\/jaska.sumins.hr\/3d-forinvent\/wp-json\/wp\/v2\/types\/page"}],"author":[{"embeddable":true,"href":"https:\/\/jaska.sumins.hr\/3d-forinvent\/wp-json\/wp\/v2\/users\/1"}],"replies":[{"embeddable":true,"href":"https:\/\/jaska.sumins.hr\/3d-forinvent\/wp-json\/wp\/v2\/comments?post=32"}],"version-history":[{"count":3,"href":"https:\/\/jaska.sumins.hr\/3d-forinvent\/wp-json\/wp\/v2\/pages\/32\/revisions"}],"predecessor-version":[{"id":37,"href":"https:\/\/jaska.sumins.hr\/3d-forinvent\/wp-json\/wp\/v2\/pages\/32\/revisions\/37"}],"wp:attachment":[{"href":"https:\/\/jaska.sumins.hr\/3d-forinvent\/wp-json\/wp\/v2\/media?parent=32"}],"curies":[{"name":"wp","href":"https:\/\/api.w.org\/{rel}","templated":true}]}}