{"id":35,"date":"2021-02-07T13:49:22","date_gmt":"2021-02-07T13:49:22","guid":{"rendered":"http:\/\/127.0.0.1\/3D-forinvent\/?page_id=35"},"modified":"2021-02-07T13:49:22","modified_gmt":"2021-02-07T13:49:22","slug":"sazetak-i-ciljevi","status":"publish","type":"page","link":"https:\/\/jaska.sumins.hr\/3d-forinvent\/sazetak-i-ciljevi\/","title":{"rendered":"SA\u017dETAK I CILJEVI"},"content":{"rendered":"<h4><strong>Uporaba podataka daljinskih istra\u017eivanja dobivenih razli\u010ditim 3D opti\u010dkim izvorima u izmjeri \u0161uma (3D-FORINVENT)<\/strong><\/h4>\n<p><strong>Sa\u017eetak:<\/strong> \u0160uma je najra\u0161ireniji kopneni ekosustav na Zemlji te pru\u017ea mnogo direktnih i indirektnih dobrobiti ljudskom \u010dovje\u010danstvu. Potrajno gospodarenje \u0161umama uz osiguranje njenih mnogobrojnih funkcija i usluga zahtjeva prostorno odre\u0111ene informacije o stanju i razvoju \u0161ume koje se uglavnom prikupljaju u okviru inventure \u0161uma.<\/p>\n<p>Prikupljanje podataka o \u0161umama na tradicionalni na\u010din, terenskom izmjerom, pru\u017ea to\u010dne informacije, ali zahtijeva dugotrajan i intenzivan rad, a u pojedinim slu\u010dajevima pristup odre\u0111enim \u0161umskim podru\u010djima je ote\u017ean ili \u010dak nemogu\u0107. Upravo iz tog razloga prepoznat je potencijal upotrebe metoda daljinskog istra\u017eivanja (DI) pri inventuri \u0161uma.<\/p>\n<p>Unato\u010d dostupnosti razli\u010ditih podataka DI i velikom potencijalom za njihovo kori\u0161tenje pri izmjeri \u0161uma, u Hrvatskoj, kao i u mnogim drugim zemljama, izmjera \u0161uma se jo\u0161 uvijek temelji samo na tradicionalnoj terenskoj izmjeri. Stoga je glavni cilj predlo\u017eenog projekta razviti i testirati metode temeljene na razli\u010ditim 3D opti\u010dkim podacima DI za primjenu u inventuri \u0161uma, a u svrhu pobolj\u0161anja u\u010dinkovitosti i ekonomi\u010dnosti postoje\u0107ih terenskih na\u010dina prikupljanja podataka. Konkretno, ispitati \u0107e se to\u010dnost proizvoda (oblak to\u010daka, DMVK, ortofoto) izvedenih iz razli\u010ditih 3D podataka DI (aerosnimke, satelitske snimke, snimke bespilotne letjelice) i razli\u010ditih prostornih rezolucija, za procjenu varijabli pojedina\u010dnih stabala i \u0161umskih sastojina na raznim prostornim razinama. Istra\u017eiti \u0107e se i mogu\u0107nost njihove primjene u automatskoj segmentaciji i klasifikaciji pojedina\u010dnih stabala i \u0161umskih sastojina. Op\u0107enito, a posebice u zemljama jugoisto\u010dne Europe, nedostaju komparativne studije koje se bave usporedbom podataka o \u0161umama dobivenih iz razli\u010ditih 3D opti\u010dkih senzora DI.<\/p>\n<p>Ovo istra\u017eivanje \u0107e dati prve informacije o kvaliteti i to\u010dnosti navedenih podataka i njihovih produkata te mogu\u0107nosti njihove primjene u inventuri \u0161uma. Stoga, \u0107e dobiveni rezultati biti od iznimnog zna\u010daja i interesa za \u0161umarsku znanost i praksu.<\/p>\n<p><strong>Klju\u010dne rije\u010di:<\/strong> izmjera \u0161uma, ure\u0111ivanje \u0161uma, daljinska istra\u017eivanja, digitalna fotogrametrija, GIS<\/p>\n","protected":false},"excerpt":{"rendered":"<p>Uporaba podataka daljinskih istra\u017eivanja dobivenih razli\u010ditim 3D opti\u010dkim izvorima u izmjeri \u0161uma (3D-FORINVENT) Sa\u017eetak: \u0160uma je najra\u0161ireniji kopneni ekosustav na Zemlji te pru\u017ea mnogo direktnih i indirektnih dobrobiti ljudskom \u010dovje\u010danstvu. Potrajno gospodarenje \u0161umama uz osiguranje njenih mnogobrojnih funkcija i usluga zahtjeva prostorno odre\u0111ene informacije o stanju i razvoju \u0161ume koje se uglavnom prikupljaju u okviru [&hellip;]<\/p>\n","protected":false},"author":1,"featured_media":0,"parent":0,"menu_order":0,"comment_status":"closed","ping_status":"closed","template":"","meta":{"spay_email":""},"_links":{"self":[{"href":"https:\/\/jaska.sumins.hr\/3d-forinvent\/wp-json\/wp\/v2\/pages\/35"}],"collection":[{"href":"https:\/\/jaska.sumins.hr\/3d-forinvent\/wp-json\/wp\/v2\/pages"}],"about":[{"href":"https:\/\/jaska.sumins.hr\/3d-forinvent\/wp-json\/wp\/v2\/types\/page"}],"author":[{"embeddable":true,"href":"https:\/\/jaska.sumins.hr\/3d-forinvent\/wp-json\/wp\/v2\/users\/1"}],"replies":[{"embeddable":true,"href":"https:\/\/jaska.sumins.hr\/3d-forinvent\/wp-json\/wp\/v2\/comments?post=35"}],"version-history":[{"count":1,"href":"https:\/\/jaska.sumins.hr\/3d-forinvent\/wp-json\/wp\/v2\/pages\/35\/revisions"}],"predecessor-version":[{"id":38,"href":"https:\/\/jaska.sumins.hr\/3d-forinvent\/wp-json\/wp\/v2\/pages\/35\/revisions\/38"}],"wp:attachment":[{"href":"https:\/\/jaska.sumins.hr\/3d-forinvent\/wp-json\/wp\/v2\/media?parent=35"}],"curies":[{"name":"wp","href":"https:\/\/api.w.org\/{rel}","templated":true}]}}