{"id":40,"date":"2021-02-07T13:50:47","date_gmt":"2021-02-07T13:50:47","guid":{"rendered":"http:\/\/127.0.0.1\/3D-forinvent\/?page_id=40"},"modified":"2021-02-11T10:23:08","modified_gmt":"2021-02-11T10:23:08","slug":"podrucje-istrazivanja","status":"publish","type":"page","link":"https:\/\/jaska.sumins.hr\/3d-forinvent\/podrucje-istrazivanja\/","title":{"rendered":"PODRU\u010cJE ISTRA\u017dIVANJA"},"content":{"rendered":"<p>Prirodne nizinske \u0161ume hrasta lu\u017enjaka (<em>Quercus robur<\/em> L.) predstavljaju u gospodarskom i ekolo\u0161kom pogledu jedan od najva\u017enijih \u0161umskih ekosustava u Hrvatskoj. Tako\u0111er, hrast lu\u017enjak je jedan od najva\u017enijih i klju\u010dnih vrsta drve\u0107a u Europi. Stoga su glavni fokus projekta upravo prirodne nizinske \u0161ume hrasta lu\u017enjaka.<\/p>\n<p>Projektna istra\u017eivanja provode se na podru\u010dju nizinskih \u0161uma Pokupskog bazena koji obuhva\u0107a 4 gospodarske jedinice dr\u017eavnih \u0161uma ukupne povr\u0161ine cca 10.500 ha. Glavnina istra\u017eivanja se provode na dijelu Pokupskog bazena, i to u gospodarskoj jedinici &#8220;Jastrebarski lugovi&#8221; (Uprava \u0161uma Podru\u017enica Karlovac) smje\u0161tenoj u neposrednoj blizini grada Jastrebarskog. Jednodobne sastojine hrasta lu\u017enjaka na odabranom podru\u010dju uglavnom su mje\u0161ovite, gdje su uz hrast lu\u017enjak od ostalih vrsta drve\u0107a u zna\u010dajnoj mjeri prisutni obi\u010dni grab (<em>Carpinus betulus<\/em> L.), poljski jasen (<em>Fraxinus angustifolia<\/em> L.) i crna joha (<em>Alnus glutinosa<\/em> Gaertn.).<\/p>\n<div class=\"tiled-gallery type-rectangular tiled-gallery-unresized\" data-original-width=\"1200\" data-carousel-extra='{&quot;blog_id&quot;:1,&quot;permalink&quot;:&quot;https:\\\/\\\/jaska.sumins.hr\\\/3d-forinvent\\\/podrucje-istrazivanja\\\/&quot;,&quot;likes_blog_id&quot;:189167493}' itemscope itemtype=\"http:\/\/schema.org\/ImageGallery\" > <div class=\"gallery-row\" style=\"width: 1200px; height: 226px;\" data-original-width=\"1200\" data-original-height=\"226\" > <div class=\"gallery-group images-1\" style=\"width: 400px; height: 226px;\" data-original-width=\"400\" data-original-height=\"226\" > <div class=\"tiled-gallery-item tiled-gallery-item-large\" itemprop=\"associatedMedia\" itemscope itemtype=\"http:\/\/schema.org\/ImageObject\"> <a href=\"https:\/\/i0.wp.com\/jaska.sumins.hr\/3d-forinvent\/wp-content\/uploads\/2021\/02\/WP_20170523_019-scaled.jpg?ssl=1\" border=\"0\" itemprop=\"url\"> <meta itemprop=\"width\" content=\"396\"> <meta itemprop=\"height\" content=\"222\"> <img data-attachment-id=\"255\" data-orig-file=\"https:\/\/jaska.sumins.hr\/3d-forinvent\/wp-content\/uploads\/2021\/02\/WP_20170523_019-scaled.jpg\" data-orig-size=\"2560,1438\" data-comments-opened=\"\" data-image-meta=\"{&quot;aperture&quot;:&quot;2.4&quot;,&quot;credit&quot;:&quot;&quot;,&quot;camera&quot;:&quot;Lumia 520&quot;,&quot;caption&quot;:&quot;&quot;,&quot;created_timestamp&quot;:&quot;1495548908&quot;,&quot;copyright&quot;:&quot;&quot;,&quot;focal_length&quot;:&quot;0&quot;,&quot;iso&quot;:&quot;100&quot;,&quot;shutter_speed&quot;:&quot;0.00929&quot;,&quot;title&quot;:&quot;&quot;,&quot;orientation&quot;:&quot;1&quot;}\" data-image-title=\"\" data-image-description=\"\" data-medium-file=\"https:\/\/i0.wp.com\/jaska.sumins.hr\/3d-forinvent\/wp-content\/uploads\/2021\/02\/WP_20170523_019-scaled.jpg?fit=300%2C169&#038;ssl=1\" data-large-file=\"https:\/\/i0.wp.com\/jaska.sumins.hr\/3d-forinvent\/wp-content\/uploads\/2021\/02\/WP_20170523_019-scaled.jpg?fit=1024%2C575&#038;ssl=1\" src=\"https:\/\/i0.wp.com\/jaska.sumins.hr\/3d-forinvent\/wp-content\/uploads\/2021\/02\/WP_20170523_019-scaled.jpg?w=396&#038;h=222&#038;ssl=1\" width=\"396\" height=\"222\" data-original-width=\"396\" data-original-height=\"222\" itemprop=\"http:\/\/schema.org\/image\" title=\"\" alt=\"\" style=\"width: 396px; height: 222px;\" \/> <\/a> <\/div> <\/div> <!-- close group --> <div class=\"gallery-group images-1\" style=\"width: 400px; height: 226px;\" data-original-width=\"400\" data-original-height=\"226\" > <div class=\"tiled-gallery-item tiled-gallery-item-large\" itemprop=\"associatedMedia\" itemscope itemtype=\"http:\/\/schema.org\/ImageObject\"> <a href=\"https:\/\/i1.wp.com\/jaska.sumins.hr\/3d-forinvent\/wp-content\/uploads\/2021\/02\/WP_20170524_005-scaled.jpg?ssl=1\" border=\"0\" itemprop=\"url\"> <meta itemprop=\"width\" content=\"396\"> <meta itemprop=\"height\" content=\"222\"> <img data-attachment-id=\"256\" data-orig-file=\"https:\/\/jaska.sumins.hr\/3d-forinvent\/wp-content\/uploads\/2021\/02\/WP_20170524_005-scaled.jpg\" data-orig-size=\"2560,1438\" data-comments-opened=\"\" data-image-meta=\"{&quot;aperture&quot;:&quot;2.4&quot;,&quot;credit&quot;:&quot;&quot;,&quot;camera&quot;:&quot;Lumia 520&quot;,&quot;caption&quot;:&quot;&quot;,&quot;created_timestamp&quot;:&quot;1495632011&quot;,&quot;copyright&quot;:&quot;&quot;,&quot;focal_length&quot;:&quot;0&quot;,&quot;iso&quot;:&quot;200&quot;,&quot;shutter_speed&quot;:&quot;0.02&quot;,&quot;title&quot;:&quot;&quot;,&quot;orientation&quot;:&quot;1&quot;}\" data-image-title=\"\" data-image-description=\"\" data-medium-file=\"https:\/\/i1.wp.com\/jaska.sumins.hr\/3d-forinvent\/wp-content\/uploads\/2021\/02\/WP_20170524_005-scaled.jpg?fit=300%2C169&#038;ssl=1\" data-large-file=\"https:\/\/i1.wp.com\/jaska.sumins.hr\/3d-forinvent\/wp-content\/uploads\/2021\/02\/WP_20170524_005-scaled.jpg?fit=1024%2C575&#038;ssl=1\" src=\"https:\/\/i1.wp.com\/jaska.sumins.hr\/3d-forinvent\/wp-content\/uploads\/2021\/02\/WP_20170524_005-scaled.jpg?w=396&#038;h=222&#038;ssl=1\" width=\"396\" height=\"222\" data-original-width=\"396\" data-original-height=\"222\" itemprop=\"http:\/\/schema.org\/image\" title=\"\" alt=\"\" style=\"width: 396px; height: 222px;\" \/> <\/a> <\/div> <\/div> <!-- close group --> <div class=\"gallery-group images-1\" style=\"width: 400px; height: 226px;\" data-original-width=\"400\" data-original-height=\"226\" > <div class=\"tiled-gallery-item tiled-gallery-item-large\" itemprop=\"associatedMedia\" itemscope itemtype=\"http:\/\/schema.org\/ImageObject\"> <a href=\"https:\/\/i1.wp.com\/jaska.sumins.hr\/3d-forinvent\/wp-content\/uploads\/2021\/02\/WP_20170524_006-scaled.jpg?ssl=1\" border=\"0\" itemprop=\"url\"> <meta itemprop=\"width\" content=\"396\"> <meta itemprop=\"height\" content=\"222\"> <img data-attachment-id=\"257\" data-orig-file=\"https:\/\/jaska.sumins.hr\/3d-forinvent\/wp-content\/uploads\/2021\/02\/WP_20170524_006-scaled.jpg\" data-orig-size=\"2560,1438\" data-comments-opened=\"\" data-image-meta=\"{&quot;aperture&quot;:&quot;2.4&quot;,&quot;credit&quot;:&quot;&quot;,&quot;camera&quot;:&quot;Lumia 520&quot;,&quot;caption&quot;:&quot;&quot;,&quot;created_timestamp&quot;:&quot;1495632019&quot;,&quot;copyright&quot;:&quot;&quot;,&quot;focal_length&quot;:&quot;0&quot;,&quot;iso&quot;:&quot;160&quot;,&quot;shutter_speed&quot;:&quot;0.02&quot;,&quot;title&quot;:&quot;&quot;,&quot;orientation&quot;:&quot;1&quot;}\" data-image-title=\"\" data-image-description=\"\" data-medium-file=\"https:\/\/i1.wp.com\/jaska.sumins.hr\/3d-forinvent\/wp-content\/uploads\/2021\/02\/WP_20170524_006-scaled.jpg?fit=300%2C169&#038;ssl=1\" data-large-file=\"https:\/\/i1.wp.com\/jaska.sumins.hr\/3d-forinvent\/wp-content\/uploads\/2021\/02\/WP_20170524_006-scaled.jpg?fit=1024%2C575&#038;ssl=1\" src=\"https:\/\/i1.wp.com\/jaska.sumins.hr\/3d-forinvent\/wp-content\/uploads\/2021\/02\/WP_20170524_006-scaled.jpg?w=396&#038;h=222&#038;ssl=1\" width=\"396\" height=\"222\" data-original-width=\"396\" data-original-height=\"222\" itemprop=\"http:\/\/schema.org\/image\" title=\"\" alt=\"\" style=\"width: 396px; height: 222px;\" \/> <\/a> <\/div> <\/div> <!-- close group --> <\/div> <!-- close row --> <\/div>\n<p><img data-attachment-id=\"393\" data-permalink=\"https:\/\/jaska.sumins.hr\/3d-forinvent\/podrucje-istrazivanja\/karta-zajedno\/\" data-orig-file=\"https:\/\/i0.wp.com\/jaska.sumins.hr\/3d-forinvent\/wp-content\/uploads\/2021\/02\/KARTA-zajedno.png?fit=1161%2C854&amp;ssl=1\" data-orig-size=\"1161,854\" data-comments-opened=\"0\" data-image-meta=\"{&quot;aperture&quot;:&quot;0&quot;,&quot;credit&quot;:&quot;&quot;,&quot;camera&quot;:&quot;&quot;,&quot;caption&quot;:&quot;&quot;,&quot;created_timestamp&quot;:&quot;0&quot;,&quot;copyright&quot;:&quot;&quot;,&quot;focal_length&quot;:&quot;0&quot;,&quot;iso&quot;:&quot;0&quot;,&quot;shutter_speed&quot;:&quot;0&quot;,&quot;title&quot;:&quot;&quot;,&quot;orientation&quot;:&quot;0&quot;}\" data-image-title=\"KARTA-zajedno\" data-image-description=\"\" data-medium-file=\"https:\/\/i0.wp.com\/jaska.sumins.hr\/3d-forinvent\/wp-content\/uploads\/2021\/02\/KARTA-zajedno.png?fit=300%2C221&amp;ssl=1\" data-large-file=\"https:\/\/i0.wp.com\/jaska.sumins.hr\/3d-forinvent\/wp-content\/uploads\/2021\/02\/KARTA-zajedno.png?fit=1024%2C753&amp;ssl=1\" loading=\"lazy\" class=\"alignnone wp-image-393 size-full\" src=\"https:\/\/i0.wp.com\/jaska.sumins.hr\/3d-forinvent\/wp-content\/uploads\/2021\/02\/KARTA-zajedno.png?resize=1161%2C854&#038;ssl=1\" alt=\"\" width=\"1161\" height=\"854\" srcset=\"https:\/\/i0.wp.com\/jaska.sumins.hr\/3d-forinvent\/wp-content\/uploads\/2021\/02\/KARTA-zajedno.png?w=1161&amp;ssl=1 1161w, https:\/\/i0.wp.com\/jaska.sumins.hr\/3d-forinvent\/wp-content\/uploads\/2021\/02\/KARTA-zajedno.png?resize=300%2C221&amp;ssl=1 300w, https:\/\/i0.wp.com\/jaska.sumins.hr\/3d-forinvent\/wp-content\/uploads\/2021\/02\/KARTA-zajedno.png?resize=1024%2C753&amp;ssl=1 1024w, https:\/\/i0.wp.com\/jaska.sumins.hr\/3d-forinvent\/wp-content\/uploads\/2021\/02\/KARTA-zajedno.png?resize=768%2C565&amp;ssl=1 768w\" sizes=\"(max-width: 1161px) 100vw, 1161px\" data-recalc-dims=\"1\" \/><\/p>\n<div data-carousel-extra='{\"blog_id\":1,\"permalink\":\"https:\\\/\\\/jaska.sumins.hr\\\/3d-forinvent\\\/podrucje-istrazivanja\\\/\"}' id='gallery-2' class='gallery galleryid-40 gallery-columns-3 gallery-size-thumbnail'><figure class='gallery-item'>\n\t\t\t<div class='gallery-icon landscape'>\n\t\t\t\t<a href='https:\/\/i1.wp.com\/jaska.sumins.hr\/3d-forinvent\/wp-content\/uploads\/2021\/02\/KARTA-1dio.png?ssl=1'><img width=\"150\" height=\"150\" src=\"https:\/\/i1.wp.com\/jaska.sumins.hr\/3d-forinvent\/wp-content\/uploads\/2021\/02\/KARTA-1dio.png?resize=150%2C150&amp;ssl=1\" class=\"attachment-thumbnail size-thumbnail\" alt=\"\" loading=\"lazy\" srcset=\"https:\/\/i1.wp.com\/jaska.sumins.hr\/3d-forinvent\/wp-content\/uploads\/2021\/02\/KARTA-1dio.png?resize=150%2C150&amp;ssl=1 150w, https:\/\/i1.wp.com\/jaska.sumins.hr\/3d-forinvent\/wp-content\/uploads\/2021\/02\/KARTA-1dio.png?zoom=2&amp;resize=150%2C150&amp;ssl=1 300w\" sizes=\"(max-width: 150px) 100vw, 150px\" data-attachment-id=\"396\" data-permalink=\"https:\/\/jaska.sumins.hr\/3d-forinvent\/podrucje-istrazivanja\/karta-1dio-2\/\" data-orig-file=\"https:\/\/i1.wp.com\/jaska.sumins.hr\/3d-forinvent\/wp-content\/uploads\/2021\/02\/KARTA-1dio.png?fit=444%2C362&amp;ssl=1\" data-orig-size=\"444,362\" data-comments-opened=\"0\" data-image-meta=\"{&quot;aperture&quot;:&quot;0&quot;,&quot;credit&quot;:&quot;&quot;,&quot;camera&quot;:&quot;&quot;,&quot;caption&quot;:&quot;&quot;,&quot;created_timestamp&quot;:&quot;0&quot;,&quot;copyright&quot;:&quot;&quot;,&quot;focal_length&quot;:&quot;0&quot;,&quot;iso&quot;:&quot;0&quot;,&quot;shutter_speed&quot;:&quot;0&quot;,&quot;title&quot;:&quot;&quot;,&quot;orientation&quot;:&quot;0&quot;}\" data-image-title=\"KARTA-1dio\" data-image-description=\"\" data-medium-file=\"https:\/\/i1.wp.com\/jaska.sumins.hr\/3d-forinvent\/wp-content\/uploads\/2021\/02\/KARTA-1dio.png?fit=300%2C245&amp;ssl=1\" data-large-file=\"https:\/\/i1.wp.com\/jaska.sumins.hr\/3d-forinvent\/wp-content\/uploads\/2021\/02\/KARTA-1dio.png?fit=444%2C362&amp;ssl=1\" \/><\/a>\n\t\t\t<\/div><\/figure><figure class='gallery-item'>\n\t\t\t<div class='gallery-icon landscape'>\n\t\t\t\t<a href='https:\/\/i0.wp.com\/jaska.sumins.hr\/3d-forinvent\/wp-content\/uploads\/2021\/02\/KARTA-2dio.png?ssl=1'><img width=\"150\" height=\"150\" src=\"https:\/\/i0.wp.com\/jaska.sumins.hr\/3d-forinvent\/wp-content\/uploads\/2021\/02\/KARTA-2dio.png?resize=150%2C150&amp;ssl=1\" class=\"attachment-thumbnail size-thumbnail\" alt=\"\" loading=\"lazy\" srcset=\"https:\/\/i0.wp.com\/jaska.sumins.hr\/3d-forinvent\/wp-content\/uploads\/2021\/02\/KARTA-2dio.png?resize=150%2C150&amp;ssl=1 150w, https:\/\/i0.wp.com\/jaska.sumins.hr\/3d-forinvent\/wp-content\/uploads\/2021\/02\/KARTA-2dio.png?zoom=2&amp;resize=150%2C150&amp;ssl=1 300w, https:\/\/i0.wp.com\/jaska.sumins.hr\/3d-forinvent\/wp-content\/uploads\/2021\/02\/KARTA-2dio.png?zoom=3&amp;resize=150%2C150&amp;ssl=1 450w\" sizes=\"(max-width: 150px) 100vw, 150px\" data-attachment-id=\"397\" data-permalink=\"https:\/\/jaska.sumins.hr\/3d-forinvent\/podrucje-istrazivanja\/karta-2dio-2\/\" data-orig-file=\"https:\/\/i0.wp.com\/jaska.sumins.hr\/3d-forinvent\/wp-content\/uploads\/2021\/02\/KARTA-2dio.png?fit=789%2C691&amp;ssl=1\" data-orig-size=\"789,691\" data-comments-opened=\"0\" data-image-meta=\"{&quot;aperture&quot;:&quot;0&quot;,&quot;credit&quot;:&quot;&quot;,&quot;camera&quot;:&quot;&quot;,&quot;caption&quot;:&quot;&quot;,&quot;created_timestamp&quot;:&quot;0&quot;,&quot;copyright&quot;:&quot;&quot;,&quot;focal_length&quot;:&quot;0&quot;,&quot;iso&quot;:&quot;0&quot;,&quot;shutter_speed&quot;:&quot;0&quot;,&quot;title&quot;:&quot;&quot;,&quot;orientation&quot;:&quot;0&quot;}\" data-image-title=\"KARTA-2dio\" data-image-description=\"\" data-medium-file=\"https:\/\/i0.wp.com\/jaska.sumins.hr\/3d-forinvent\/wp-content\/uploads\/2021\/02\/KARTA-2dio.png?fit=300%2C263&amp;ssl=1\" data-large-file=\"https:\/\/i0.wp.com\/jaska.sumins.hr\/3d-forinvent\/wp-content\/uploads\/2021\/02\/KARTA-2dio.png?fit=789%2C691&amp;ssl=1\" \/><\/a>\n\t\t\t<\/div><\/figure><figure class='gallery-item'>\n\t\t\t<div class='gallery-icon portrait'>\n\t\t\t\t<a href='https:\/\/i1.wp.com\/jaska.sumins.hr\/3d-forinvent\/wp-content\/uploads\/2021\/02\/KARTA-3dio.png?ssl=1'><img width=\"150\" height=\"150\" src=\"https:\/\/i1.wp.com\/jaska.sumins.hr\/3d-forinvent\/wp-content\/uploads\/2021\/02\/KARTA-3dio.png?resize=150%2C150&amp;ssl=1\" class=\"attachment-thumbnail size-thumbnail\" alt=\"\" loading=\"lazy\" srcset=\"https:\/\/i1.wp.com\/jaska.sumins.hr\/3d-forinvent\/wp-content\/uploads\/2021\/02\/KARTA-3dio.png?resize=150%2C150&amp;ssl=1 150w, https:\/\/i1.wp.com\/jaska.sumins.hr\/3d-forinvent\/wp-content\/uploads\/2021\/02\/KARTA-3dio.png?zoom=2&amp;resize=150%2C150&amp;ssl=1 300w, https:\/\/i1.wp.com\/jaska.sumins.hr\/3d-forinvent\/wp-content\/uploads\/2021\/02\/KARTA-3dio.png?zoom=3&amp;resize=150%2C150&amp;ssl=1 450w\" sizes=\"(max-width: 150px) 100vw, 150px\" data-attachment-id=\"398\" data-permalink=\"https:\/\/jaska.sumins.hr\/3d-forinvent\/podrucje-istrazivanja\/karta-3dio-2\/\" data-orig-file=\"https:\/\/i1.wp.com\/jaska.sumins.hr\/3d-forinvent\/wp-content\/uploads\/2021\/02\/KARTA-3dio.png?fit=632%2C691&amp;ssl=1\" data-orig-size=\"632,691\" data-comments-opened=\"0\" data-image-meta=\"{&quot;aperture&quot;:&quot;0&quot;,&quot;credit&quot;:&quot;&quot;,&quot;camera&quot;:&quot;&quot;,&quot;caption&quot;:&quot;&quot;,&quot;created_timestamp&quot;:&quot;0&quot;,&quot;copyright&quot;:&quot;&quot;,&quot;focal_length&quot;:&quot;0&quot;,&quot;iso&quot;:&quot;0&quot;,&quot;shutter_speed&quot;:&quot;0&quot;,&quot;title&quot;:&quot;&quot;,&quot;orientation&quot;:&quot;0&quot;}\" data-image-title=\"KARTA-3dio\" data-image-description=\"\" data-medium-file=\"https:\/\/i1.wp.com\/jaska.sumins.hr\/3d-forinvent\/wp-content\/uploads\/2021\/02\/KARTA-3dio.png?fit=274%2C300&amp;ssl=1\" data-large-file=\"https:\/\/i1.wp.com\/jaska.sumins.hr\/3d-forinvent\/wp-content\/uploads\/2021\/02\/KARTA-3dio.png?fit=632%2C691&amp;ssl=1\" \/><\/a>\n\t\t\t<\/div><\/figure>\n\t\t<\/div>\n\n","protected":false},"excerpt":{"rendered":"<p>Prirodne nizinske \u0161ume hrasta lu\u017enjaka (Quercus robur L.) predstavljaju u gospodarskom i ekolo\u0161kom pogledu jedan od najva\u017enijih \u0161umskih ekosustava u Hrvatskoj. Tako\u0111er, hrast lu\u017enjak je jedan od najva\u017enijih i klju\u010dnih vrsta drve\u0107a u Europi. Stoga su glavni fokus projekta upravo prirodne nizinske \u0161ume hrasta lu\u017enjaka. Projektna istra\u017eivanja provode se na podru\u010dju nizinskih \u0161uma Pokupskog bazena [&hellip;]<\/p>\n","protected":false},"author":1,"featured_media":0,"parent":0,"menu_order":0,"comment_status":"closed","ping_status":"closed","template":"","meta":{"spay_email":""},"_links":{"self":[{"href":"https:\/\/jaska.sumins.hr\/3d-forinvent\/wp-json\/wp\/v2\/pages\/40"}],"collection":[{"href":"https:\/\/jaska.sumins.hr\/3d-forinvent\/wp-json\/wp\/v2\/pages"}],"about":[{"href":"https:\/\/jaska.sumins.hr\/3d-forinvent\/wp-json\/wp\/v2\/types\/page"}],"author":[{"embeddable":true,"href":"https:\/\/jaska.sumins.hr\/3d-forinvent\/wp-json\/wp\/v2\/users\/1"}],"replies":[{"embeddable":true,"href":"https:\/\/jaska.sumins.hr\/3d-forinvent\/wp-json\/wp\/v2\/comments?post=40"}],"version-history":[{"count":16,"href":"https:\/\/jaska.sumins.hr\/3d-forinvent\/wp-json\/wp\/v2\/pages\/40\/revisions"}],"predecessor-version":[{"id":405,"href":"https:\/\/jaska.sumins.hr\/3d-forinvent\/wp-json\/wp\/v2\/pages\/40\/revisions\/405"}],"wp:attachment":[{"href":"https:\/\/jaska.sumins.hr\/3d-forinvent\/wp-json\/wp\/v2\/media?parent=40"}],"curies":[{"name":"wp","href":"https:\/\/api.w.org\/{rel}","templated":true}]}}