{"id":43,"date":"2021-02-07T13:52:55","date_gmt":"2021-02-07T13:52:55","guid":{"rendered":"http:\/\/127.0.0.1\/3D-forinvent\/?page_id=43"},"modified":"2021-02-11T22:15:47","modified_gmt":"2021-02-11T22:15:47","slug":"suradnici-na-projektu","status":"publish","type":"page","link":"https:\/\/jaska.sumins.hr\/3d-forinvent\/suradnici-na-projektu\/","title":{"rendered":"SURADNICI NA PROJEKTU"},"content":{"rendered":"<p><span style=\"font-size: 12pt;\"><strong>VODITELJ<\/strong><\/span><\/p>\n<p><span style=\"font-size: 12pt; color: #003300;\"><a style=\"color: #003300;\" href=\"https:\/\/www.sumins.hr\/djelatnici\/ivan-balenovic\/\"><span style=\"color: #008000;\">Dr. sc.<strong> Ivan Balenovi\u0107<\/strong><\/span><\/a><\/span><br \/>\n<span style=\"font-size: 10pt;\">Hrvatski \u0161umarski institut<\/span><br \/>\n<span style=\"font-size: 10pt;\">Trnjanska cesta 35, 10000 Zagreb<\/span><br \/>\n<span style=\"font-size: 10pt;\"><a href=\"mailto:ivanb@sumins.hr\">ivanb@sumins.hr<\/a><\/span><\/p>\n<p>&nbsp;<\/p>\n<p><span style=\"font-size: 12pt;\"><strong>DOKTORAND<\/strong><\/span><\/p>\n<p><span style=\"font-size: 12pt;\"><a href=\"https:\/\/www.sumins.hr\/djelatnici\/luka-jurjevic\/\"><strong><span style=\"color: #008000;\">Luka Jurjevi\u0107<\/span><\/strong><span style=\"color: #008000;\">, mag. mag. ing. geod. et geoinf.<\/span><\/a><\/span><br \/>\n<span style=\"font-size: 10pt;\">Hrvatski \u0161umarski institut<\/span><br \/>\n<span style=\"font-size: 10pt;\">Trnjanska cesta 35, 10000 Zagreb<\/span><br \/>\n<span style=\"font-size: 10pt;\"><a href=\"mailto:lukaj@sumins.hr\">lukaj@sumins.hr<\/a><\/span><\/p>\n<p>&nbsp;<\/p>\n<p><span style=\"font-size: 12pt;\"><strong>SURADNICI<\/strong><\/span><\/p>\n<p><span style=\"color: #008000; font-size: 12pt;\"><a style=\"color: #008000;\" href=\"https:\/\/www.sumfak.unizg.hr\/hr\/o-fakultetu\/opci-podaci\/djelatnici\/ante-seletkovic\/\">Prof. dr. sc.<strong> Ante Seletkovi\u0107<\/strong><\/a><\/span><br \/>\n<span style=\"font-size: 10pt;\">Sveu\u010dili\u0161te u Zagrebu, Fakultet \u0161umarstva i drvne tehnologije<\/span><br \/>\n<span style=\"font-size: 10pt;\">Sveto\u0161imunska cesta 25, 10000 Zagreb<\/span><br \/>\n<span style=\"font-size: 10pt;\"><a href=\"mailto:aseletkovic@sumfak.hr\">aseletkovic@sumfak.hr<\/a><\/span><\/p>\n<p>&nbsp;<\/p>\n<p><span style=\"font-size: 12pt; color: #008000;\"><a style=\"color: #008000;\" href=\"https:\/\/www.geof.unizg.hr\/djelatnici\/mateo-gasparovic\/\">Doc. dr. sc. <strong>Mateo Ga\u0161parovi\u0107<\/strong><\/a><\/span><br \/>\n<span style=\"font-size: 10pt;\">Sveu\u010dili\u0161te u Zagrebu, Geodetski fakultet<\/span><br \/>\n<span style=\"font-size: 10pt;\">Ka\u010di\u0107eva 26, 10000 Zagreb<\/span><br \/>\n<span style=\"font-size: 10pt;\"><a href=\"mailto:mgasparovic@geof.hr\">mgasparovic@geof.hr<\/a><\/span><\/p>\n<p>&nbsp;<\/p>\n<p><span style=\"color: #008000; font-size: 12pt;\"><a style=\"color: #008000;\" href=\"https:\/\/www.bgsu.edu\/arts-and-sciences\/earth-environment-and-society\/faculty-and-staff\/anita-simic.html\">Doc. dr. sc.<strong> Anita Simic Milas<\/strong><\/a><\/span><br \/>\n<span style=\"font-size: 10pt;\">Bowling Green State University, College of Arts and Sciences; School of Earth, Environment and Society<\/span><br \/>\n<span style=\"font-size: 10pt;\">190 Overman Hall, Bowling Green, OH 43403, USA<\/span><br \/>\n<span style=\"font-size: 10pt;\"><a href=\"mailto:asimic@bgsu.edu\">asimic@bgsu.edu<\/a><\/span><\/p>\n<p>&nbsp;<\/p>\n<p><a href=\"https:\/\/www.sumins.hr\/djelatnici\/masa-zorana-ostrogovic-sever\/\"><span style=\"color: #008000; font-size: 12pt;\">Dr. sc.<strong> Ma\u0161a Zorana Ostrogovi\u0107 Sever<\/strong><\/span><\/a><br \/>\n<span style=\"font-size: 10pt;\">Hrvatski \u0161umarski institut<\/span><br \/>\n<span style=\"font-size: 10pt;\">Trnjanska cesta 35, 10000 Zagreb<\/span><br \/>\n<span style=\"font-size: 10pt;\"><a href=\"mailto:masao@sumins.hr\">masao@sumins.hr<\/a><\/span><\/p>\n<p>&nbsp;<\/p>\n<p><a href=\"mailto:https:\/\/www.sumins.hr\/djelatnici\/danijela-ivankovic\/\"><strong><span style=\"color: #008000; font-size: 12pt;\">Danijela Ivankovi\u0107<\/span><\/strong><span style=\"color: #008000; font-size: 12pt;\">, dipl. ing. \u0161um.<\/span><\/a><br \/>\n<span style=\"font-size: 10pt;\">Hrvatski \u0161umarski institut<\/span><br \/>\n<span style=\"font-size: 10pt;\">Trnjanska cesta 35, 10000 Zagreb<\/span><br \/>\n<span style=\"font-size: 10pt;\"><a href=\"mailto:danijela@sumins.hr\">danijela@sumins.hr<\/a><\/span><\/p>\n<p>&nbsp;<\/p>\n<p><span style=\"font-size: 12pt; color: #008000;\"><a style=\"color: #008000;\" href=\"https:\/\/www.sumins.hr\/djelatnici\/goran-tijan\/\"><strong>Goran Tijan<\/strong>, mag. ing. silv.<\/a><\/span><br \/>\n<span style=\"font-size: 10pt;\">Hrvatski \u0161umarski institut<\/span><br \/>\n<span style=\"font-size: 10pt;\">Trnjanska cesta 35, 10000 Zagreb<\/span><br \/>\n<span style=\"font-size: 10pt;\"><a href=\"mailto:gorant@sumins.hr\">gorant@sumins.hr<\/a><\/span><\/p>\n<p>&nbsp;<\/p>\n<p><a href=\"https:\/\/www.sumins.hr\/djelatnici\/nikolina-milanovic\/\"><strong><span style=\"color: #008000; font-size: 12pt;\">Nikolina Milanovi\u0107<\/span><\/strong><\/a><br \/>\n<span style=\"font-size: 10pt;\">Hrvatski \u0161umarski institut<\/span><br \/>\n<span style=\"font-size: 10pt;\">Cvjetno naselje 41, 10450 Jastrebarsko<\/span><br \/>\n<span style=\"font-size: 10pt;\"><a href=\"mailto:nikolina@sumins.hr\">nikolina@sumins.hr<\/a><\/span><\/p>\n","protected":false},"excerpt":{"rendered":"<p>VODITELJ Dr. sc. Ivan Balenovi\u0107 Hrvatski \u0161umarski institut Trnjanska cesta 35, 10000 Zagreb ivanb@sumins.hr &nbsp; DOKTORAND Luka Jurjevi\u0107, mag. mag. ing. geod. et geoinf. Hrvatski \u0161umarski institut Trnjanska cesta 35, 10000 Zagreb lukaj@sumins.hr &nbsp; SURADNICI Prof. dr. sc. Ante Seletkovi\u0107 Sveu\u010dili\u0161te u Zagrebu, Fakultet \u0161umarstva i drvne tehnologije Sveto\u0161imunska cesta 25, 10000 Zagreb aseletkovic@sumfak.hr &nbsp; [&hellip;]<\/p>\n","protected":false},"author":1,"featured_media":0,"parent":0,"menu_order":0,"comment_status":"closed","ping_status":"closed","template":"","meta":{"spay_email":""},"_links":{"self":[{"href":"https:\/\/jaska.sumins.hr\/3d-forinvent\/wp-json\/wp\/v2\/pages\/43"}],"collection":[{"href":"https:\/\/jaska.sumins.hr\/3d-forinvent\/wp-json\/wp\/v2\/pages"}],"about":[{"href":"https:\/\/jaska.sumins.hr\/3d-forinvent\/wp-json\/wp\/v2\/types\/page"}],"author":[{"embeddable":true,"href":"https:\/\/jaska.sumins.hr\/3d-forinvent\/wp-json\/wp\/v2\/users\/1"}],"replies":[{"embeddable":true,"href":"https:\/\/jaska.sumins.hr\/3d-forinvent\/wp-json\/wp\/v2\/comments?post=43"}],"version-history":[{"count":13,"href":"https:\/\/jaska.sumins.hr\/3d-forinvent\/wp-json\/wp\/v2\/pages\/43\/revisions"}],"predecessor-version":[{"id":534,"href":"https:\/\/jaska.sumins.hr\/3d-forinvent\/wp-json\/wp\/v2\/pages\/43\/revisions\/534"}],"wp:attachment":[{"href":"https:\/\/jaska.sumins.hr\/3d-forinvent\/wp-json\/wp\/v2\/media?parent=43"}],"curies":[{"name":"wp","href":"https:\/\/api.w.org\/{rel}","templated":true}]}}