{"id":49,"date":"2021-02-07T13:57:52","date_gmt":"2021-02-07T13:57:52","guid":{"rendered":"http:\/\/127.0.0.1\/3D-forinvent\/?page_id=49"},"modified":"2021-02-11T23:07:29","modified_gmt":"2021-02-11T23:07:29","slug":"aktivnosti","status":"publish","type":"page","link":"https:\/\/jaska.sumins.hr\/3d-forinvent\/aktivnosti\/","title":{"rendered":"AKTIVNOSTI"},"content":{"rendered":"<p>Provedba projekta realizirana je kroz sljede\u0107e grupe glavnih aktivnosti:<\/p>\n<p>&nbsp;<\/p>\n<p style=\"padding-left: 40px;\"><strong>1)\u00a0 Terenska istra\u017eivanja i prikupljanje referentnih podataka<\/strong><\/p>\n<ul>\n<li style=\"list-style-type: none;\">\n<ul>\n<li style=\"list-style-type: none;\">\n<ul style=\"list-style-type: disc;\">\n<li>Detaljna terenska izmjera na primjernim plohama \u2192 Baza terenskih podataka \u2013 varijabli pojedina\u010dnih stabala i strukturnih elemenata \u0161umskih sastojina na razini plohe,<\/li>\n<li>Prikupljanje podataka iz osnove gospodarenja \u2192 Geoprostorna baza podataka o \u0161umskim sastojinama<\/li>\n<li>Detaljna geodetska izmjera \u2192 Geoprostorna baza kontrolnih terenskih to\u010daka (validacija DMR-a, precizno pozicioniranje terenske izmjere, orijentacija snimaka, itd.)<\/li>\n<\/ul>\n<\/li>\n<\/ul>\n<\/li>\n<\/ul>\n<p>&nbsp;<\/p>\n<p style=\"padding-left: 40px;\"><strong>2)\u00a0 Prikupljanje i predobrada podataka daljinskih istra\u017eivanja<\/strong><\/p>\n<ul>\n<li style=\"list-style-type: none;\">\n<ul>\n<li style=\"list-style-type: none;\">\n<ul style=\"list-style-type: disc;\">\n<li>Nabava podataka DMR-a<\/li>\n<li>Nabava satelitskih snimaka visoke prostorne rezolucije (WorldView-3, WorldViev-2)<\/li>\n<li>Nabava aerosnimaka<\/li>\n<li>Opetavno prikupljanje snimaka bespilotne letjelice klasi\u010dnom fotogrametrijskom kamerom (tijekom i van vegetacijskog perioda)<\/li>\n<li>Nabava podataka zra\u010dnog laserskog skeniranja (ALS); dodatno, tj. aktivnost i podaci nisu izvorno planirani u projektu<\/li>\n<li>Prikupljanje podataka laserskog skeniranja kori\u0161tenjem bespilotne letjelice (ULS); dodatno, tj. aktivnost i podaci nisu izvorno planirani u projektu<\/li>\n<li>Prikupljanje podataka terestri\u010dkim laserskim skenera (TLS); dodatno, tj. aktivnost i podaci nisu izvorno planirani u projektu<\/li>\n<li>Prikupljanje podataka ru\u010dnim laserskim skenerom (HPLS); dodatno, tj. aktivnost i podaci nisu izvorno planirani u projektu<\/li>\n<\/ul>\n<\/li>\n<\/ul>\n<\/li>\n<\/ul>\n<p>&nbsp;<\/p>\n<p style=\"padding-left: 40px;\"><strong>3)\u00a0 Obrada podataka daljinskih istra\u017eivanja <\/strong><\/p>\n<ul>\n<li style=\"list-style-type: none;\">\n<ul>\n<li style=\"list-style-type: none;\">\n<ul style=\"list-style-type: disc;\">\n<li>Procesiranje do georeferenciranog oblaka to\u010daka<\/li>\n<li>Izrada Digitalnog Modela Reljefa (DMR)<\/li>\n<li>Izrada Digitalnog Modela Povr\u0161ine Kro\u0161anja (DMPK)<\/li>\n<li>Izrada Digitalnog Modela Visine Kro\u0161anja (DMVK)<\/li>\n<li>Izrada Digitalnog OrtoFota (DOF)<\/li>\n<li>Obrada i pridobivanje (izra\u010dun) metri\u010dkih podataka na razini stabla, plohe i sastojine (odsjeka)<\/li>\n<li>Razvoj metodologije za automatsku segmentaciju i klasifikaciju \u0161umskih sastojina i pojedina\u010dnih stabala iz podataka daljinskih istra\u017eivanja<\/li>\n<\/ul>\n<\/li>\n<\/ul>\n<\/li>\n<\/ul>\n<p>&nbsp;<\/p>\n<p style=\"padding-left: 40px;\"><strong>4)\u00a0 Analiza podataka<\/strong><\/p>\n<ul>\n<li style=\"list-style-type: none;\">\n<ul>\n<li style=\"list-style-type: none;\">\n<ul style=\"list-style-type: disc;\">\n<li>Ocjena to\u010dnosti DMR-a izra\u0111enih iz razli\u010ditih izvora podataka daljinskih istra\u017eivanja<\/li>\n<li>Validacija automatske segmentacije i klasifikacije \u0161umskih sastojina kori\u0161tenjem razli\u010ditih izvora daljinskih istra\u017eivanja i njihovih produkata<\/li>\n<li>Validacija automatske segmentacije pojedina\u010dnih stabala i klasifikacije vrsta drve\u0107a kori\u0161tenjem razli\u010ditih izvora daljinskih istra\u017eivanja i njihovih produkata<\/li>\n<li>Procjena strukturnih karakteristika \u0161umskih sastojina na razini primjernih ploha i odsjeka te validacija s podacima terenske (referentne) izmjere<\/li>\n<li>Procjena varijabli pojedina\u010dnih stabala te validacija s podacima terenske (referentne) izmjere<\/li>\n<\/ul>\n<\/li>\n<\/ul>\n<\/li>\n<\/ul>\n<p>&nbsp;<\/p>\n<p style=\"padding-left: 40px;\"><strong>5)\u00a0 Usavr\u0161avanja<\/strong><\/p>\n<ul>\n<li style=\"list-style-type: none;\">\n<ul>\n<li style=\"list-style-type: none;\">\n<ul style=\"list-style-type: disc;\">\n<li>Ljetna\/zimska \u0161kola<\/li>\n<li>Radionice<\/li>\n<\/ul>\n<\/li>\n<\/ul>\n<\/li>\n<\/ul>\n<p>&nbsp;<\/p>\n<p style=\"padding-left: 40px;\"><strong>6)\u00a0 Diseminacija projekta<\/strong><\/p>\n<ul>\n<li style=\"list-style-type: none;\">\n<ul>\n<li style=\"list-style-type: none;\">\n<ul style=\"list-style-type: disc;\">\n<li>Web stranica projekta<\/li>\n<li>Objava znanstvenih radova<\/li>\n<li>Objava radova u popularno znanstvenim \u010dasopisima<\/li>\n<li>Sudjelovanje na znanstvenim konferencijama i savjetvanjima<\/li>\n<li>Radionice<\/li>\n<\/ul>\n<\/li>\n<\/ul>\n<\/li>\n<\/ul>\n","protected":false},"excerpt":{"rendered":"<p>Provedba projekta realizirana je kroz sljede\u0107e grupe glavnih aktivnosti: &nbsp; 1)\u00a0 Terenska istra\u017eivanja i prikupljanje referentnih podataka Detaljna terenska izmjera na primjernim plohama \u2192 Baza terenskih podataka \u2013 varijabli pojedina\u010dnih stabala i strukturnih elemenata \u0161umskih sastojina na razini plohe, Prikupljanje podataka iz osnove gospodarenja \u2192 Geoprostorna baza podataka o \u0161umskim sastojinama Detaljna geodetska izmjera \u2192 [&hellip;]<\/p>\n","protected":false},"author":1,"featured_media":0,"parent":0,"menu_order":0,"comment_status":"closed","ping_status":"closed","template":"","meta":{"spay_email":""},"_links":{"self":[{"href":"https:\/\/jaska.sumins.hr\/3d-forinvent\/wp-json\/wp\/v2\/pages\/49"}],"collection":[{"href":"https:\/\/jaska.sumins.hr\/3d-forinvent\/wp-json\/wp\/v2\/pages"}],"about":[{"href":"https:\/\/jaska.sumins.hr\/3d-forinvent\/wp-json\/wp\/v2\/types\/page"}],"author":[{"embeddable":true,"href":"https:\/\/jaska.sumins.hr\/3d-forinvent\/wp-json\/wp\/v2\/users\/1"}],"replies":[{"embeddable":true,"href":"https:\/\/jaska.sumins.hr\/3d-forinvent\/wp-json\/wp\/v2\/comments?post=49"}],"version-history":[{"count":7,"href":"https:\/\/jaska.sumins.hr\/3d-forinvent\/wp-json\/wp\/v2\/pages\/49\/revisions"}],"predecessor-version":[{"id":540,"href":"https:\/\/jaska.sumins.hr\/3d-forinvent\/wp-json\/wp\/v2\/pages\/49\/revisions\/540"}],"wp:attachment":[{"href":"https:\/\/jaska.sumins.hr\/3d-forinvent\/wp-json\/wp\/v2\/media?parent=49"}],"curies":[{"name":"wp","href":"https:\/\/api.w.org\/{rel}","templated":true}]}}