{"id":72,"date":"2021-02-07T14:12:47","date_gmt":"2021-02-07T14:12:47","guid":{"rendered":"http:\/\/127.0.0.1\/3D-forinvent\/?page_id=72"},"modified":"2021-02-11T21:42:05","modified_gmt":"2021-02-11T21:42:05","slug":"usavrsavanja","status":"publish","type":"page","link":"https:\/\/jaska.sumins.hr\/3d-forinvent\/usavrsavanja\/","title":{"rendered":"USAVR\u0160AVANJA"},"content":{"rendered":"<p>U okviru projekta provedeno je ukupno 6 usavr\u0161avanja, i to 4 usavr\u0161avanja na ljetnim\/zimskim \u0161kolama te 2 usavr\u0161avanja na radionicama.<br \/>\nPri tome, doktorand na projektu (Luka Jurjevi\u0107) sudjelovao je na 4 usavr\u0161avanja, dok su po na jednom usavr\u0161avanju sudjelovali voditelj projekta (Ivan Balenovi\u0107), te suradnik na projektu (Mateo Ga\u0161parovi\u0107).<\/p>\n<p>&nbsp;<\/p>\n<table style=\"width: 100%; height: 243px;\">\n<tbody>\n<tr style=\"height: 20px;\">\n<td style=\"border-style: hidden; background-color: #ededed; height: 23px; width: 18.5827%;\"><strong>Osoba:<\/strong><\/td>\n<td style=\"border-style: hidden; background-color: #ededed; height: 23px; width: 80.8372%;\"><strong>Luka Jurjevi\u0107<\/strong><\/td>\n<\/tr>\n<tr style=\"height: 20px;\">\n<td style=\"border-style: hidden; background-color: #ededed; width: 18.5827%; height: 22px;\"><strong>Uloga u projektu:<\/strong><\/td>\n<td style=\"border-style: hidden; background-color: #ededed; width: 80.8372%; height: 22px;\">Doktorand<\/td>\n<\/tr>\n<tr style=\"height: 20px;\">\n<td style=\"border-style: hidden; background-color: #ededed; height: 22px; width: 18.5827%;\"><strong>Vrsta usavr\u0161avanja:<\/strong><\/td>\n<td style=\"border-style: hidden; background-color: #ededed; height: 22px; width: 80.8372%;\">Znanstveno (Zimska \u0161kola)<\/td>\n<\/tr>\n<tr style=\"height: 20px;\">\n<td style=\"border-style: hidden; background-color: #ededed; height: 22px; width: 18.5827%;\"><strong>Naziv usavr\u0161avanja:<\/strong><\/td>\n<td style=\"border-style: hidden; background-color: #ededed; height: 22px; width: 80.8372%;\">The application of close-range remote sensing technologies for forest inventory<\/td>\n<\/tr>\n<tr style=\"height: 20px;\">\n<td style=\"border-style: hidden; background-color: #ededed; width: 18.5827%;\"><strong>Ustanova:<\/strong><\/td>\n<td style=\"border-style: hidden; background-color: #ededed; width: 80.8372%;\">Finnish Geospatial Research Institute<\/td>\n<\/tr>\n<tr style=\"height: 20px;\">\n<td style=\"border-style: hidden; background-color: #ededed; height: 22px; width: 18.5827%;\"><strong>Mjesto, dr\u017eava:<\/strong><\/td>\n<td style=\"border-style: hidden; background-color: #ededed; height: 22px; width: 80.8372%;\">Masala, Finska<\/td>\n<\/tr>\n<tr style=\"height: 20px;\">\n<td style=\"border-style: hidden; background-color: #ededed; height: 22px; width: 18.5827%;\"><strong>Datum\/Razdoblje:<\/strong><\/td>\n<td style=\"border-style: hidden; background-color: #ededed; height: 22px; width: 80.8372%;\">15\/01\/2020 &#8211; 15\/02\/2020<\/td>\n<\/tr>\n<tr style=\"height: 20px;\">\n<td style=\"border-style: hidden; background-color: #ededed; height: 22px; width: 18.5827%;\"><strong>Voditelj(i):<\/strong><\/td>\n<td style=\"border-style: hidden; background-color: #ededed; height: 22px; width: 80.8372%;\">Xinlian Liang<\/td>\n<\/tr>\n<tr style=\"height: 20px;\">\n<td style=\"border-style: hidden; background-color: #ededed; height: 22px; width: 18.5827%;\"><strong>Usvojena znanja:<\/strong><\/td>\n<td style=\"border-style: hidden; background-color: #ededed; height: 22px; width: 80.8372%;\">Obrada, analiza i interpretacija podataka dobivenih iz raznih izvora blizupredmetnih daljinskih istra\u017eivanja za potrebe inventure \u0161uma<\/td>\n<\/tr>\n<tr style=\"height: 20px;\">\n<td style=\"border-style: hidden; background-color: #ededed; width: 18.5827%; height: 22px;\"><strong>URL:<\/strong><\/td>\n<td style=\"border-style: hidden; background-color: #ededed; width: 80.8372%; height: 22px;\">&#8211;<\/td>\n<\/tr>\n<tr style=\"height: 20px;\">\n<td style=\"border-style: hidden; background-color: #ededed; width: 18.5827%; height: 22px;\"><strong>Potvrda:<\/strong><\/td>\n<td style=\"border-style: hidden; background-color: #ededed; width: 80.8372%; height: 22px;\">PDF<\/td>\n<\/tr>\n<\/tbody>\n<\/table>\n<p>&nbsp;<\/p>\n<table style=\"width: 100%; height: 243px;\">\n<tbody>\n<tr style=\"height: 22px;\">\n<td style=\"border-style: hidden; background-color: #ededed; height: 23px; width: 18.5827%;\"><strong>Osoba:<\/strong><\/td>\n<td style=\"border-style: hidden; background-color: #ededed; height: 23px; width: 80.8372%;\"><strong>Luka Jurjevi\u0107<\/strong><\/td>\n<\/tr>\n<tr style=\"height: 22px;\">\n<td style=\"border-style: hidden; background-color: #ededed; width: 18.5827%; height: 22px;\"><strong>Uloga u projektu:<\/strong><\/td>\n<td style=\"border-style: hidden; background-color: #ededed; width: 80.8372%; height: 22px;\">Doktorand<\/td>\n<\/tr>\n<tr style=\"height: 22px;\">\n<td style=\"border-style: hidden; background-color: #ededed; height: 22px; width: 18.5827%;\"><strong>Vrsta usavr\u0161avanja:<\/strong><\/td>\n<td style=\"border-style: hidden; background-color: #ededed; height: 22px; width: 80.8372%;\">Znanstveno (Ljetna \u0161kola)<\/td>\n<\/tr>\n<tr style=\"height: 22px;\">\n<td style=\"border-style: hidden; background-color: #ededed; height: 22px; width: 18.5827%;\"><strong>Naziv usavr\u0161avanja:<\/strong><\/td>\n<td style=\"border-style: hidden; background-color: #ededed; height: 22px; width: 80.8372%;\">6th Split Remote Sensing Professional Summer School 2019<\/td>\n<\/tr>\n<tr style=\"height: 22px;\">\n<td style=\"border-style: hidden; background-color: #ededed; width: 18.5827%; height: 22px;\"><strong>Ustanova:<\/strong><\/td>\n<td style=\"border-style: hidden; background-color: #ededed; width: 80.8372%; height: 22px;\">Eurac Research, Bolzano, Italy (G-Eco Research, Ohio, USA)<\/td>\n<\/tr>\n<tr style=\"height: 22px;\">\n<td style=\"border-style: hidden; background-color: #ededed; height: 22px; width: 18.5827%;\"><strong>Mjesto, dr\u017eava:<\/strong><\/td>\n<td style=\"border-style: hidden; background-color: #ededed; height: 22px; width: 80.8372%;\">Bolzano, Italy<\/td>\n<\/tr>\n<tr style=\"height: 22px;\">\n<td style=\"border-style: hidden; background-color: #ededed; height: 22px; width: 18.5827%;\"><strong>Datum\/Razdoblje:<\/strong><\/td>\n<td style=\"border-style: hidden; background-color: #ededed; height: 22px; width: 80.8372%;\">03\/06\/2019 &#8211; 08\/06\/2019<\/td>\n<\/tr>\n<tr style=\"height: 22px;\">\n<td style=\"border-style: hidden; background-color: #ededed; height: 22px; width: 18.5827%;\"><strong>Voditelj(i):<\/strong><\/td>\n<td style=\"border-style: hidden; background-color: #ededed; height: 22px; width: 80.8372%;\">Anita Simic Milas, Martin Isenburg, Ribana Roscher, Mattia Callegari, Giovani Cuozzo, Abraham Mejia-Aguilar, Monica Pepe<\/td>\n<\/tr>\n<tr style=\"height: 22px;\">\n<td style=\"border-style: hidden; background-color: #ededed; height: 22px; width: 18.5827%;\"><strong>Usvojena znanja:<\/strong><\/td>\n<td style=\"border-style: hidden; background-color: #ededed; height: 22px; width: 80.8372%;\">Analiza i obrada LiDAR, SAR i Hypersperctral podataka s razli\u010ditih platformi (bespilotne letjelice, zrakoplovi, sateliti)<\/td>\n<\/tr>\n<tr style=\"height: 22px;\">\n<td style=\"border-style: hidden; background-color: #ededed; width: 18.5827%; height: 22px;\"><strong>URL:<\/strong><\/td>\n<td style=\"border-style: hidden; background-color: #ededed; width: 80.8372%; height: 22px;\"><a href=\"https:\/\/splitremotesensing.com\/welcome-2019\/\">https:\/\/splitremotesensing.com\/welcome-2019\/<\/a><\/td>\n<\/tr>\n<tr style=\"height: 22px;\">\n<td style=\"border-style: hidden; background-color: #ededed; width: 18.5827%; height: 22px;\"><strong>Potvrda:<\/strong><\/td>\n<td style=\"border-style: hidden; background-color: #ededed; width: 80.8372%; height: 22px;\">PDF<\/td>\n<\/tr>\n<\/tbody>\n<\/table>\n<p>&nbsp;<\/p>\n<table style=\"width: 100%; height: 243px;\">\n<tbody>\n<tr style=\"height: 22px;\">\n<td style=\"border-style: hidden; background-color: #ededed; height: 23px; width: 18.5827%;\"><strong>Osoba:<\/strong><\/td>\n<td style=\"border-style: hidden; background-color: #ededed; height: 23px; width: 80.8372%;\"><strong>Luka Jurjevi\u0107<\/strong><\/td>\n<\/tr>\n<tr style=\"height: 22px;\">\n<td style=\"border-style: hidden; background-color: #ededed; width: 18.5827%; height: 22px;\"><strong>Uloga u projektu:<\/strong><\/td>\n<td style=\"border-style: hidden; background-color: #ededed; width: 80.8372%; height: 22px;\">Doktorand<\/td>\n<\/tr>\n<tr style=\"height: 22px;\">\n<td style=\"border-style: hidden; background-color: #ededed; height: 22px; width: 18.5827%;\"><strong>Vrsta usavr\u0161avanja:<\/strong><\/td>\n<td style=\"border-style: hidden; background-color: #ededed; height: 22px; width: 80.8372%;\">Znanstveno (Radionica)<\/td>\n<\/tr>\n<tr style=\"height: 22px;\">\n<td style=\"border-style: hidden; background-color: #ededed; height: 22px; width: 18.5827%;\"><strong>Naziv usavr\u0161avanja:<\/strong><\/td>\n<td style=\"border-style: hidden; background-color: #ededed; height: 22px; width: 80.8372%;\">Topography and Bathymetry via Laser Scanning and Multi-Spectral Imaging &#8211; From Sensors to Applications<\/td>\n<\/tr>\n<tr style=\"height: 22px;\">\n<td style=\"border-style: hidden; background-color: #ededed; width: 18.5827%; height: 22px;\"><strong>Ustanova:<\/strong><\/td>\n<td style=\"border-style: hidden; background-color: #ededed; width: 80.8372%; height: 22px;\">Karlsruher Institute of Technology (KIT) and Institute of Photogrammetry and Remote Sensing (IPF)<\/td>\n<\/tr>\n<tr style=\"height: 22px;\">\n<td style=\"border-style: hidden; background-color: #ededed; height: 22px; width: 18.5827%;\"><strong>Mjesto, dr\u017eava:<\/strong><\/td>\n<td style=\"border-style: hidden; background-color: #ededed; height: 22px; width: 80.8372%;\">Karlsruhe, Njema\u010dka<\/td>\n<\/tr>\n<tr style=\"height: 22px;\">\n<td style=\"border-style: hidden; background-color: #ededed; height: 22px; width: 18.5827%;\"><strong>Datum\/Razdoblje:<\/strong><\/td>\n<td style=\"border-style: hidden; background-color: #ededed; height: 22px; width: 80.8372%;\">09\/10\/2018<\/td>\n<\/tr>\n<tr style=\"height: 22px;\">\n<td style=\"border-style: hidden; background-color: #ededed; height: 22px; width: 18.5827%;\"><strong>Voditelj(i):<\/strong><\/td>\n<td style=\"border-style: hidden; background-color: #ededed; height: 22px; width: 80.8372%;\">Gottfried Mandlburger<\/td>\n<\/tr>\n<tr style=\"height: 22px;\">\n<td style=\"border-style: hidden; background-color: #ededed; height: 22px; width: 18.5827%;\"><strong>Usvojena znanja:<\/strong><\/td>\n<td style=\"border-style: hidden; background-color: #ededed; height: 22px; width: 80.8372%;\">Obrada LiDAR i multispektralnih podataka u svrhu topografskog i batimetrijskog modeliranja terena<\/td>\n<\/tr>\n<tr style=\"height: 22px;\">\n<td style=\"border-style: hidden; background-color: #ededed; width: 18.5827%; height: 22px;\"><strong>URL:<\/strong><\/td>\n<td style=\"border-style: hidden; background-color: #ededed; width: 80.8372%; height: 22px;\"><a href=\"http:\/\/tc1-symposium2018.ipf.kit.edu\/91.php\">http:\/\/tc1-symposium2018.ipf.kit.edu\/91.php<\/a><\/td>\n<\/tr>\n<tr style=\"height: 22px;\">\n<td style=\"border-style: hidden; background-color: #ededed; width: 18.5827%; height: 22px;\"><strong>Potvrda:<\/strong><\/td>\n<td style=\"border-style: hidden; background-color: #ededed; width: 80.8372%; height: 22px;\">PDF<\/td>\n<\/tr>\n<\/tbody>\n<\/table>\n<p>&nbsp;<\/p>\n<table>\n<tbody>\n<tr style=\"height: 22px;\">\n<td style=\"border-style: hidden; background-color: #ededed; height: 23px; width: 18.5827%;\"><strong>Osoba:<\/strong><\/td>\n<td style=\"border-style: hidden; background-color: #ededed; height: 23px; width: 80.8372%;\"><strong>Mateo Ga\u0161parovi\u0107<\/strong><\/td>\n<\/tr>\n<tr style=\"height: 22px;\">\n<td style=\"border-style: hidden; background-color: #ededed; width: 18.5827%; height: 22px;\"><strong>Uloga u projektu:<\/strong><\/td>\n<td style=\"border-style: hidden; background-color: #ededed; width: 80.8372%; height: 22px;\">Suradnik<\/td>\n<\/tr>\n<tr style=\"height: 22px;\">\n<td style=\"border-style: hidden; background-color: #ededed; height: 22px; width: 18.5827%;\"><strong>Vrsta usavr\u0161avanja:<\/strong><\/td>\n<td style=\"border-style: hidden; background-color: #ededed; height: 22px; width: 80.8372%;\">Znanstveno (Radionica)<\/td>\n<\/tr>\n<tr style=\"height: 22px;\">\n<td style=\"border-style: hidden; background-color: #ededed; height: 22px; width: 18.5827%;\"><strong>Naziv usavr\u0161avanja:<\/strong><\/td>\n<td style=\"border-style: hidden; background-color: #ededed; height: 22px; width: 80.8372%;\">UAV and Deep Learning Technologies for Remote Sensing<\/td>\n<\/tr>\n<tr style=\"height: 22px;\">\n<td style=\"border-style: hidden; background-color: #ededed; width: 18.5827%; height: 22px;\"><strong>Ustanova:<\/strong><\/td>\n<td style=\"border-style: hidden; background-color: #ededed; width: 80.8372%; height: 22px;\">Karlsruher Institute of Technology (KIT) and Institute of Photogrammetry and Remote Sensing (IPF)<\/td>\n<\/tr>\n<tr style=\"height: 22px;\">\n<td style=\"border-style: hidden; background-color: #ededed; height: 22px; width: 18.5827%;\"><strong>Mjesto, dr\u017eava:<\/strong><\/td>\n<td style=\"border-style: hidden; background-color: #ededed; height: 22px; width: 80.8372%;\">Karlsruhe, Njema\u010dka<\/td>\n<\/tr>\n<tr style=\"height: 22px;\">\n<td style=\"border-style: hidden; background-color: #ededed; height: 22px; width: 18.5827%;\"><strong>Datum\/Razdoblje:<\/strong><\/td>\n<td style=\"border-style: hidden; background-color: #ededed; height: 22px; width: 80.8372%;\">09\/10\/2018<\/td>\n<\/tr>\n<tr style=\"height: 22px;\">\n<td style=\"border-style: hidden; background-color: #ededed; height: 22px; width: 18.5827%;\"><strong>Voditelj(i):<\/strong><\/td>\n<td style=\"border-style: hidden; background-color: #ededed; height: 22px; width: 80.8372%;\">Raul Queiroz Feitosa<\/td>\n<\/tr>\n<tr style=\"height: 22px;\">\n<td style=\"border-style: hidden; background-color: #ededed; height: 22px; width: 18.5827%;\"><strong>Usvojena znanja:<\/strong><\/td>\n<td style=\"border-style: hidden; background-color: #ededed; height: 22px; width: 80.8372%;\">Obrada UAV snimaka i primjena Deep Learning metoda na geometrijskim podacima sa spektralnim karakteristikama<\/td>\n<\/tr>\n<tr style=\"height: 22px;\">\n<td style=\"border-style: hidden; background-color: #ededed; width: 18.5827%; height: 22px;\"><strong>URL:<\/strong><\/td>\n<td style=\"border-style: hidden; background-color: #ededed; width: 80.8372%; height: 22px;\"><a href=\"http:\/\/tc1-symposium2018.ipf.kit.edu\/91.php\">http:\/\/tc1-symposium2018.ipf.kit.edu\/91.php<\/a><\/td>\n<\/tr>\n<tr style=\"height: 22px;\">\n<td style=\"border-style: hidden; background-color: #ededed; width: 18.5827%; height: 22px;\"><strong>Potvrda:<\/strong><\/td>\n<td style=\"border-style: hidden; background-color: #ededed; width: 80.8372%; height: 22px;\">PDF<\/td>\n<\/tr>\n<\/tbody>\n<\/table>\n<p>&nbsp;<\/p>\n<table style=\"width: 100%; height: 243px;\">\n<tbody>\n<tr style=\"height: 22px;\">\n<td style=\"border-style: hidden; background-color: #ededed; height: 23px; width: 18.5827%;\"><strong>Osoba:<\/strong><\/td>\n<td style=\"border-style: hidden; background-color: #ededed; height: 23px; width: 80.8372%;\"><strong>Luka Jurjevi\u0107<\/strong><\/td>\n<\/tr>\n<tr style=\"height: 22px;\">\n<td style=\"border-style: hidden; background-color: #ededed; width: 18.5827%; height: 22px;\"><strong>Uloga u projektu:<\/strong><\/td>\n<td style=\"border-style: hidden; background-color: #ededed; width: 80.8372%; height: 22px;\">Doktorand<\/td>\n<\/tr>\n<tr style=\"height: 22px;\">\n<td style=\"border-style: hidden; background-color: #ededed; height: 22px; width: 18.5827%;\"><strong>Vrsta usavr\u0161avanja:<\/strong><\/td>\n<td style=\"border-style: hidden; background-color: #ededed; height: 22px; width: 80.8372%;\">Znanstveno (Zimska \u0161kola)<\/td>\n<\/tr>\n<tr style=\"height: 22px;\">\n<td style=\"border-style: hidden; background-color: #ededed; height: 22px; width: 18.5827%;\"><strong>Naziv usavr\u0161avanja:<\/strong><\/td>\n<td style=\"border-style: hidden; background-color: #ededed; height: 22px; width: 80.8372%;\">Aerial and Terrestrial Photogrammetry and LiDAR for Forest Inventory<\/td>\n<\/tr>\n<tr style=\"height: 22px;\">\n<td style=\"border-style: hidden; background-color: #ededed; width: 18.5827%; height: 22px;\"><strong>Ustanova:<\/strong><\/td>\n<td style=\"border-style: hidden; background-color: #ededed; width: 80.8372%; height: 22px;\">Finnish Geospatial Research Institute<\/td>\n<\/tr>\n<tr style=\"height: 22px;\">\n<td style=\"border-style: hidden; background-color: #ededed; height: 22px; width: 18.5827%;\"><strong>Mjesto, dr\u017eava:<\/strong><\/td>\n<td style=\"border-style: hidden; background-color: #ededed; height: 22px; width: 80.8372%;\">Masala, Finska<\/td>\n<\/tr>\n<tr style=\"height: 22px;\">\n<td style=\"border-style: hidden; background-color: #ededed; height: 22px; width: 18.5827%;\"><strong>Datum\/Razdoblje:<\/strong><\/td>\n<td style=\"border-style: hidden; background-color: #ededed; height: 22px; width: 80.8372%;\">23\/02\/2019 &#8211; 10\/03\/2019<\/td>\n<\/tr>\n<tr style=\"height: 22px;\">\n<td style=\"border-style: hidden; background-color: #ededed; height: 22px; width: 18.5827%;\"><strong>Voditelj(i):<\/strong><\/td>\n<td style=\"border-style: hidden; background-color: #ededed; height: 22px; width: 80.8372%;\">Xinlian Liang<\/td>\n<\/tr>\n<tr style=\"height: 22px;\">\n<td style=\"border-style: hidden; background-color: #ededed; height: 22px; width: 18.5827%;\"><strong>Usvojena znanja:<\/strong><\/td>\n<td style=\"border-style: hidden; background-color: #ededed; height: 22px; width: 80.8372%;\">Obrada fotogrametrijskih i LiDAR podataka prikupljenih iz zraka (bespilotna letjelica) i tla (terestri\u010dki senzori) za procjenu strukturnih elemenata pojedina\u010dnih stabala i sastojina<\/td>\n<\/tr>\n<tr style=\"height: 22px;\">\n<td style=\"border-style: hidden; background-color: #ededed; width: 18.5827%; height: 22px;\"><strong>URL:<\/strong><\/td>\n<td style=\"border-style: hidden; background-color: #ededed; width: 80.8372%; height: 22px;\">&#8211;<\/td>\n<\/tr>\n<tr style=\"height: 22px;\">\n<td style=\"border-style: hidden; background-color: #ededed; width: 18.5827%; height: 22px;\"><strong>Potvrda:<\/strong><\/td>\n<td style=\"border-style: hidden; background-color: #ededed; width: 80.8372%; height: 22px;\">PDF<\/td>\n<\/tr>\n<\/tbody>\n<\/table>\n<p>&nbsp;<\/p>\n<table>\n<tbody>\n<tr style=\"height: 22px;\">\n<td style=\"border-style: hidden; background-color: #ededed; height: 23px; width: 18.5827%;\"><strong>Osoba:<\/strong><\/td>\n<td style=\"border-style: hidden; background-color: #ededed; height: 23px; width: 80.8372%;\"><strong>Ivan Balenovi\u0107<\/strong><\/td>\n<\/tr>\n<tr style=\"height: 22px;\">\n<td style=\"border-style: hidden; background-color: #ededed; width: 18.5827%; height: 22px;\"><strong>Uloga u projektu:<\/strong><\/td>\n<td style=\"border-style: hidden; background-color: #ededed; width: 80.8372%; height: 22px;\">Voditelj<\/td>\n<\/tr>\n<tr style=\"height: 22px;\">\n<td style=\"border-style: hidden; background-color: #ededed; height: 22px; width: 18.5827%;\"><strong>Vrsta usavr\u0161avanja:<\/strong><\/td>\n<td style=\"border-style: hidden; background-color: #ededed; height: 22px; width: 80.8372%;\">Znanstveno (Ljetna \u0161kola)<\/td>\n<\/tr>\n<tr style=\"height: 22px;\">\n<td style=\"border-style: hidden; background-color: #ededed; height: 22px; width: 18.5827%;\"><strong>Naziv usavr\u0161avanja:<\/strong><\/td>\n<td style=\"border-style: hidden; background-color: #ededed; height: 22px; width: 80.8372%;\">6th Split Remote Sensing Professional Summer School 2019<\/td>\n<\/tr>\n<tr style=\"height: 22px;\">\n<td style=\"border-style: hidden; background-color: #ededed; width: 18.5827%; height: 22px;\"><strong>Ustanova:<\/strong><\/td>\n<td style=\"border-style: hidden; background-color: #ededed; width: 80.8372%; height: 22px;\">Inter-University Center, Dubrovnik (G-Eco Research, Ohio, USA)<\/td>\n<\/tr>\n<tr style=\"height: 22px;\">\n<td style=\"border-style: hidden; background-color: #ededed; height: 22px; width: 18.5827%;\"><strong>Mjesto, dr\u017eava:<\/strong><\/td>\n<td style=\"border-style: hidden; background-color: #ededed; height: 22px; width: 80.8372%;\">Dubrovnik, Hrvatska<\/td>\n<\/tr>\n<tr style=\"height: 22px;\">\n<td style=\"border-style: hidden; background-color: #ededed; height: 22px; width: 18.5827%;\"><strong>Datum\/Razdoblje:<\/strong><\/td>\n<td style=\"border-style: hidden; background-color: #ededed; height: 22px; width: 80.8372%;\">04\/06\/2017 &#8211; 09\/06\/2017<\/td>\n<\/tr>\n<tr style=\"height: 22px;\">\n<td style=\"border-style: hidden; background-color: #ededed; height: 22px; width: 18.5827%;\"><strong>Voditelj(i):<\/strong><\/td>\n<td style=\"border-style: hidden; background-color: #ededed; height: 22px; width: 80.8372%;\">Anita Simic Milas, Martin Isenburg, Ribana Roscher, Harm Greidanus, Jean-Philippe Gastellu-Etchegorry, Selim Aksoy, Konstantinos Topouzelis, Claudia Notarnicola<\/td>\n<\/tr>\n<tr style=\"height: 22px;\">\n<td style=\"border-style: hidden; background-color: #ededed; height: 22px; width: 18.5827%;\"><strong>Usvojena znanja:<\/strong><\/td>\n<td style=\"border-style: hidden; background-color: #ededed; height: 22px; width: 80.8372%;\">Analiza i obrada LiDAR podataka; analiza i obrada satelitskih podataka (hiperspektralnih snimaka, radarskih snimaka)<\/td>\n<\/tr>\n<tr style=\"height: 22px;\">\n<td style=\"border-style: hidden; background-color: #ededed; width: 18.5827%; height: 22px;\"><strong>URL:<\/strong><\/td>\n<td style=\"border-style: hidden; background-color: #ededed; width: 80.8372%; height: 22px;\"><a href=\"https:\/\/splitremotesensing.com\/split-remote-sensing-summer-school-2017\/\">https:\/\/splitremotesensing.com\/split-remote-sensing-summer-school-2017\/<\/a><\/td>\n<\/tr>\n<tr style=\"height: 22px;\">\n<td style=\"border-style: hidden; background-color: #ededed; width: 18.5827%; height: 22px;\"><strong>Potvrda:<\/strong><\/td>\n<td style=\"border-style: hidden; background-color: #ededed; width: 80.8372%; height: 22px;\">PDF<\/td>\n<\/tr>\n<\/tbody>\n<\/table>\n","protected":false},"excerpt":{"rendered":"<p>U okviru projekta provedeno je ukupno 6 usavr\u0161avanja, i to 4 usavr\u0161avanja na ljetnim\/zimskim \u0161kolama te 2 usavr\u0161avanja na radionicama. Pri tome, doktorand na projektu (Luka Jurjevi\u0107) sudjelovao je na 4 usavr\u0161avanja, dok su po na jednom usavr\u0161avanju sudjelovali voditelj projekta (Ivan Balenovi\u0107), te suradnik na projektu (Mateo Ga\u0161parovi\u0107). &nbsp; Osoba: Luka Jurjevi\u0107 Uloga u [&hellip;]<\/p>\n","protected":false},"author":1,"featured_media":0,"parent":0,"menu_order":0,"comment_status":"closed","ping_status":"closed","template":"","meta":{"spay_email":""},"_links":{"self":[{"href":"https:\/\/jaska.sumins.hr\/3d-forinvent\/wp-json\/wp\/v2\/pages\/72"}],"collection":[{"href":"https:\/\/jaska.sumins.hr\/3d-forinvent\/wp-json\/wp\/v2\/pages"}],"about":[{"href":"https:\/\/jaska.sumins.hr\/3d-forinvent\/wp-json\/wp\/v2\/types\/page"}],"author":[{"embeddable":true,"href":"https:\/\/jaska.sumins.hr\/3d-forinvent\/wp-json\/wp\/v2\/users\/1"}],"replies":[{"embeddable":true,"href":"https:\/\/jaska.sumins.hr\/3d-forinvent\/wp-json\/wp\/v2\/comments?post=72"}],"version-history":[{"count":23,"href":"https:\/\/jaska.sumins.hr\/3d-forinvent\/wp-json\/wp\/v2\/pages\/72\/revisions"}],"predecessor-version":[{"id":523,"href":"https:\/\/jaska.sumins.hr\/3d-forinvent\/wp-json\/wp\/v2\/pages\/72\/revisions\/523"}],"wp:attachment":[{"href":"https:\/\/jaska.sumins.hr\/3d-forinvent\/wp-json\/wp\/v2\/media?parent=72"}],"curies":[{"name":"wp","href":"https:\/\/api.w.org\/{rel}","templated":true}]}}